{"id":29003,"date":"2025-02-01T10:47:06","date_gmt":"2025-02-01T10:47:06","guid":{"rendered":"https:\/\/paneeledeko.de\/?post_type=product&#038;p=29003"},"modified":"2025-02-01T11:14:26","modified_gmt":"2025-02-01T11:14:26","slug":"3d-travertinstein-gelb","status":"publish","type":"product","link":"https:\/\/paneeledeko.de\/en\/product\/3d-travertinstein-gelb\/","title":{"rendered":"3D Travertinstein gelb &#8211; 1200*3000*3mm"},"content":{"rendered":"<p>Durch dieses einzigartige Verfahren entsteht eine flexible, leichte und \u00e4u\u00dferst langlebige Fliese, die sowohl erneuerbar als auch umweltfreundlich ist. Im Gegensatz zu herk\u00f6mmlichen Fliesen bieten flexible Fliesen eine verbesserte Anpassungsf\u00e4higkeit und eignen sich daher ideal f\u00fcr gekr\u00fcmmte Oberfl\u00e4chen und unkonventionelle architektonische Designs. Sie sind \u00e4u\u00dferst widerstandsf\u00e4hig gegen Witterungseinfl\u00fcsse, Feuchtigkeit und Abnutzung, was ihre Langlebigkeit und Wartungsfreundlichkeit gew\u00e4hrleistet.<\/p>\n<p>Ein wesentlicher Vorteil flexibler Fliesen ist ihre nachhaltige Zusammensetzung. Da sie aus nat\u00fcrlichen Mineralien und nur minimalen synthetischen Zus\u00e4tzen bestehen, tragen sie zu einer umweltbewussten Bauweise bei. Ihr geringes Gewicht reduziert die strukturelle Belastung, was sie sicherer und einfacher zu installieren macht.<\/p>\n<p>Insgesamt sind flexible Fliesen eine ideale Wahl f\u00fcr die moderne Architektur. Sie vereinen \u00e4sthetische Eleganz, Vielseitigkeit und Nachhaltigkeit und eignen sich perfekt f\u00fcr den Innen- und Au\u00dfenbereich. Sie bieten eine praktische und innovative L\u00f6sung f\u00fcr zeitgem\u00e4\u00dfe Baukonzepte.<\/p>","protected":false},"excerpt":{"rendered":"<p>Flexible Fliesen sind ein innovatives architektonisches Dekorationsmaterial, das haupts\u00e4chlich aus gef\u00e4rbtem anorganischem Mineralpulver besteht. Eine kleine Menge wasserbasierter Polymerzus\u00e4tze wird als Modifikator hinzugef\u00fcgt, um die Eigenschaften zu verbessern. Der Herstellungsprozess umfasst eine fortschrittliche diskrete Technologie und \u00fcber 30 pr\u00e4zise Schritte, die h\u00f6chste Qualit\u00e4t und Genauigkeit gew\u00e4hrleisten. Das Material wird bei einer bestimmten Temperatur kontrolliert erhitzt und anschlie\u00dfend durch Mikrowellenbestrahlung vernetzt und geformt.<\/p>","protected":false},"featured_media":29349,"comment_status":"open","ping_status":"closed","template":"","meta":[],"product_brand":[],"product_cat":[512,72],"product_tag":[],"class_list":{"0":"post-29003","1":"product","2":"type-product","3":"status-publish","4":"has-post-thumbnail","6":"product_cat-synthetische-steinwandpaneele","7":"product_cat-wall-panel","9":"first","10":"instock","11":"shipping-taxable","12":"purchasable","13":"product-type-simple"},"yoast_head":"<!-- This site is optimized with the Yoast SEO plugin v25.6 - https:\/\/yoast.com\/wordpress\/plugins\/seo\/ -->\n<title>3D Travertinstein gelb - 1200*3000*3mm | Paneele Deko<\/title>\n<meta name=\"robots\" content=\"index, follow, max-snippet:-1, max-image-preview:large, max-video-preview:-1\" \/>\n<link rel=\"canonical\" href=\"https:\/\/paneeledeko.de\/en\/product\/3d-travertinstein-gelb\/\" \/>\n<meta property=\"og:locale\" content=\"en_US\" \/>\n<meta property=\"og:type\" content=\"article\" \/>\n<meta property=\"og:title\" content=\"3D Travertinstein gelb - 1200*3000*3mm | Paneele Deko\" \/>\n<meta property=\"og:description\" content=\"Flexible Fliesen sind ein innovatives architektonisches Dekorationsmaterial, das haupts\u00e4chlich aus gef\u00e4rbtem anorganischem Mineralpulver besteht. Eine kleine Menge wasserbasierter Polymerzus\u00e4tze wird als Modifikator hinzugef\u00fcgt, um die Eigenschaften zu verbessern. Der Herstellungsprozess umfasst eine fortschrittliche diskrete Technologie und \u00fcber 30 pr\u00e4zise Schritte, die h\u00f6chste Qualit\u00e4t und Genauigkeit gew\u00e4hrleisten. Das Material wird bei einer bestimmten Temperatur kontrolliert erhitzt und anschlie\u00dfend durch Mikrowellenbestrahlung vernetzt und geformt.\" \/>\n<meta property=\"og:url\" content=\"https:\/\/paneeledeko.de\/en\/product\/3d-travertinstein-gelb\/\" \/>\n<meta property=\"og:site_name\" content=\"Paneele Deko\" \/>\n<meta property=\"article:publisher\" content=\"https:\/\/www.facebook.com\/paneeledeko\" \/>\n<meta property=\"article:modified_time\" content=\"2025-02-01T11:14:26+00:00\" \/>\n<meta property=\"og:image\" content=\"https:\/\/paneeledeko.de\/wp-content\/uploads\/2025\/02\/3D-traveltine.jpg\" \/>\n\t<meta property=\"og:image:width\" content=\"828\" \/>\n\t<meta property=\"og:image:height\" content=\"888\" \/>\n\t<meta property=\"og:image:type\" content=\"image\/jpeg\" \/>\n<meta name=\"twitter:card\" content=\"summary_large_image\" \/>\n<meta name=\"twitter:label1\" content=\"Est. reading time\" \/>\n\t<meta name=\"twitter:data1\" content=\"1 minute\" \/>\n<script type=\"application\/ld+json\" class=\"yoast-schema-graph\">{\"@context\":\"https:\/\/schema.org\",\"@graph\":[{\"@type\":\"WebPage\",\"@id\":\"https:\/\/paneeledeko.de\/product\/3d-travertinstein-gelb\/\",\"url\":\"https:\/\/paneeledeko.de\/product\/3d-travertinstein-gelb\/\",\"name\":\"3D Travertinstein gelb - 1200*3000*3mm | Paneele Deko\",\"isPartOf\":{\"@id\":\"https:\/\/paneeledeko.de\/#website\"},\"primaryImageOfPage\":{\"@id\":\"https:\/\/paneeledeko.de\/product\/3d-travertinstein-gelb\/#primaryimage\"},\"image\":{\"@id\":\"https:\/\/paneeledeko.de\/product\/3d-travertinstein-gelb\/#primaryimage\"},\"thumbnailUrl\":\"https:\/\/paneeledeko.de\/wp-content\/uploads\/2025\/02\/3D-traveltine.jpg\",\"datePublished\":\"2025-02-01T10:47:06+00:00\",\"dateModified\":\"2025-02-01T11:14:26+00:00\",\"breadcrumb\":{\"@id\":\"https:\/\/paneeledeko.de\/product\/3d-travertinstein-gelb\/#breadcrumb\"},\"inLanguage\":\"en-US\",\"potentialAction\":[{\"@type\":\"ReadAction\",\"target\":[\"https:\/\/paneeledeko.de\/product\/3d-travertinstein-gelb\/\"]}]},{\"@type\":\"ImageObject\",\"inLanguage\":\"en-US\",\"@id\":\"https:\/\/paneeledeko.de\/product\/3d-travertinstein-gelb\/#primaryimage\",\"url\":\"https:\/\/paneeledeko.de\/wp-content\/uploads\/2025\/02\/3D-traveltine.jpg\",\"contentUrl\":\"https:\/\/paneeledeko.de\/wp-content\/uploads\/2025\/02\/3D-traveltine.jpg\",\"width\":828,\"height\":888,\"caption\":\"3D traveltine\"},{\"@type\":\"BreadcrumbList\",\"@id\":\"https:\/\/paneeledeko.de\/product\/3d-travertinstein-gelb\/#breadcrumb\",\"itemListElement\":[{\"@type\":\"ListItem\",\"position\":1,\"name\":\"Home\",\"item\":\"https:\/\/paneeledeko.de\/\"},{\"@type\":\"ListItem\",\"position\":2,\"name\":\"Produkte\",\"item\":\"https:\/\/paneeledeko.de\/products\/\"},{\"@type\":\"ListItem\",\"position\":3,\"name\":\"3D Travertinstein gelb &#8211; 1200*3000*3mm\"}]},{\"@type\":\"WebSite\",\"@id\":\"https:\/\/paneeledeko.de\/#website\",\"url\":\"https:\/\/paneeledeko.de\/\",\"name\":\"Paneele Deko\",\"description\":\"\",\"publisher\":{\"@id\":\"https:\/\/paneeledeko.de\/#organization\"},\"potentialAction\":[{\"@type\":\"SearchAction\",\"target\":{\"@type\":\"EntryPoint\",\"urlTemplate\":\"https:\/\/paneeledeko.de\/?s={search_term_string}\"},\"query-input\":{\"@type\":\"PropertyValueSpecification\",\"valueRequired\":true,\"valueName\":\"search_term_string\"}}],\"inLanguage\":\"en-US\"},{\"@type\":\"Organization\",\"@id\":\"https:\/\/paneeledeko.de\/#organization\",\"name\":\"Paneele Deko\",\"url\":\"https:\/\/paneeledeko.de\/\",\"logo\":{\"@type\":\"ImageObject\",\"inLanguage\":\"en-US\",\"@id\":\"https:\/\/paneeledeko.de\/#\/schema\/logo\/image\/\",\"url\":\"https:\/\/paneeledeko.de\/wp-content\/uploads\/2024\/12\/Favicon-3.png\",\"contentUrl\":\"https:\/\/paneeledeko.de\/wp-content\/uploads\/2024\/12\/Favicon-3.png\",\"width\":256,\"height\":256,\"caption\":\"Paneele Deko\"},\"image\":{\"@id\":\"https:\/\/paneeledeko.de\/#\/schema\/logo\/image\/\"},\"sameAs\":[\"https:\/\/www.facebook.com\/paneeledeko\"]}]}<\/script>\n<!-- \/ Yoast SEO plugin. -->","yoast_head_json":{"title":"3D Travertinstein gelb - 1200*3000*3mm | Paneele Deko","robots":{"index":"index","follow":"follow","max-snippet":"max-snippet:-1","max-image-preview":"max-image-preview:large","max-video-preview":"max-video-preview:-1"},"canonical":"https:\/\/paneeledeko.de\/en\/product\/3d-travertinstein-gelb\/","og_locale":"en_US","og_type":"article","og_title":"3D Travertinstein gelb - 1200*3000*3mm | Paneele Deko","og_description":"Flexible Fliesen sind ein innovatives architektonisches Dekorationsmaterial, das haupts\u00e4chlich aus gef\u00e4rbtem anorganischem Mineralpulver besteht. Eine kleine Menge wasserbasierter Polymerzus\u00e4tze wird als Modifikator hinzugef\u00fcgt, um die Eigenschaften zu verbessern. Der Herstellungsprozess umfasst eine fortschrittliche diskrete Technologie und \u00fcber 30 pr\u00e4zise Schritte, die h\u00f6chste Qualit\u00e4t und Genauigkeit gew\u00e4hrleisten. Das Material wird bei einer bestimmten Temperatur kontrolliert erhitzt und anschlie\u00dfend durch Mikrowellenbestrahlung vernetzt und geformt.","og_url":"https:\/\/paneeledeko.de\/en\/product\/3d-travertinstein-gelb\/","og_site_name":"Paneele Deko","article_publisher":"https:\/\/www.facebook.com\/paneeledeko","article_modified_time":"2025-02-01T11:14:26+00:00","og_image":[{"width":828,"height":888,"url":"https:\/\/paneeledeko.de\/wp-content\/uploads\/2025\/02\/3D-traveltine.jpg","type":"image\/jpeg"}],"twitter_card":"summary_large_image","twitter_misc":{"Est. reading time":"1 minute"},"schema":{"@context":"https:\/\/schema.org","@graph":[{"@type":"WebPage","@id":"https:\/\/paneeledeko.de\/product\/3d-travertinstein-gelb\/","url":"https:\/\/paneeledeko.de\/product\/3d-travertinstein-gelb\/","name":"3D Travertinstein gelb - 1200*3000*3mm | Paneele Deko","isPartOf":{"@id":"https:\/\/paneeledeko.de\/#website"},"primaryImageOfPage":{"@id":"https:\/\/paneeledeko.de\/product\/3d-travertinstein-gelb\/#primaryimage"},"image":{"@id":"https:\/\/paneeledeko.de\/product\/3d-travertinstein-gelb\/#primaryimage"},"thumbnailUrl":"https:\/\/paneeledeko.de\/wp-content\/uploads\/2025\/02\/3D-traveltine.jpg","datePublished":"2025-02-01T10:47:06+00:00","dateModified":"2025-02-01T11:14:26+00:00","breadcrumb":{"@id":"https:\/\/paneeledeko.de\/product\/3d-travertinstein-gelb\/#breadcrumb"},"inLanguage":"en-US","potentialAction":[{"@type":"ReadAction","target":["https:\/\/paneeledeko.de\/product\/3d-travertinstein-gelb\/"]}]},{"@type":"ImageObject","inLanguage":"en-US","@id":"https:\/\/paneeledeko.de\/product\/3d-travertinstein-gelb\/#primaryimage","url":"https:\/\/paneeledeko.de\/wp-content\/uploads\/2025\/02\/3D-traveltine.jpg","contentUrl":"https:\/\/paneeledeko.de\/wp-content\/uploads\/2025\/02\/3D-traveltine.jpg","width":828,"height":888,"caption":"3D traveltine"},{"@type":"BreadcrumbList","@id":"https:\/\/paneeledeko.de\/product\/3d-travertinstein-gelb\/#breadcrumb","itemListElement":[{"@type":"ListItem","position":1,"name":"Home","item":"https:\/\/paneeledeko.de\/"},{"@type":"ListItem","position":2,"name":"Produkte","item":"https:\/\/paneeledeko.de\/products\/"},{"@type":"ListItem","position":3,"name":"3D Travertinstein gelb &#8211; 1200*3000*3mm"}]},{"@type":"WebSite","@id":"https:\/\/paneeledeko.de\/#website","url":"https:\/\/paneeledeko.de\/","name":"Paneele Deko","description":"","publisher":{"@id":"https:\/\/paneeledeko.de\/#organization"},"potentialAction":[{"@type":"SearchAction","target":{"@type":"EntryPoint","urlTemplate":"https:\/\/paneeledeko.de\/?s={search_term_string}"},"query-input":{"@type":"PropertyValueSpecification","valueRequired":true,"valueName":"search_term_string"}}],"inLanguage":"en-US"},{"@type":"Organization","@id":"https:\/\/paneeledeko.de\/#organization","name":"Paneele Deko","url":"https:\/\/paneeledeko.de\/","logo":{"@type":"ImageObject","inLanguage":"en-US","@id":"https:\/\/paneeledeko.de\/#\/schema\/logo\/image\/","url":"https:\/\/paneeledeko.de\/wp-content\/uploads\/2024\/12\/Favicon-3.png","contentUrl":"https:\/\/paneeledeko.de\/wp-content\/uploads\/2024\/12\/Favicon-3.png","width":256,"height":256,"caption":"Paneele Deko"},"image":{"@id":"https:\/\/paneeledeko.de\/#\/schema\/logo\/image\/"},"sameAs":["https:\/\/www.facebook.com\/paneeledeko"]}]}},"_links":{"self":[{"href":"https:\/\/paneeledeko.de\/en\/wp-json\/wp\/v2\/product\/29003","targetHints":{"allow":["GET"]}}],"collection":[{"href":"https:\/\/paneeledeko.de\/en\/wp-json\/wp\/v2\/product"}],"about":[{"href":"https:\/\/paneeledeko.de\/en\/wp-json\/wp\/v2\/types\/product"}],"replies":[{"embeddable":true,"href":"https:\/\/paneeledeko.de\/en\/wp-json\/wp\/v2\/comments?post=29003"}],"version-history":[{"count":0,"href":"https:\/\/paneeledeko.de\/en\/wp-json\/wp\/v2\/product\/29003\/revisions"}],"wp:featuredmedia":[{"embeddable":true,"href":"https:\/\/paneeledeko.de\/en\/wp-json\/wp\/v2\/media\/29349"}],"wp:attachment":[{"href":"https:\/\/paneeledeko.de\/en\/wp-json\/wp\/v2\/media?parent=29003"}],"wp:term":[{"taxonomy":"product_brand","embeddable":true,"href":"https:\/\/paneeledeko.de\/en\/wp-json\/wp\/v2\/product_brand?post=29003"},{"taxonomy":"product_cat","embeddable":true,"href":"https:\/\/paneeledeko.de\/en\/wp-json\/wp\/v2\/product_cat?post=29003"},{"taxonomy":"product_tag","embeddable":true,"href":"https:\/\/paneeledeko.de\/en\/wp-json\/wp\/v2\/product_tag?post=29003"}],"curies":[{"name":"wp","href":"https:\/\/api.w.org\/{rel}","templated":true}]}}