{"id":29060,"date":"2025-01-27T13:01:42","date_gmt":"2025-01-27T13:01:42","guid":{"rendered":"https:\/\/paneeledeko.de\/?post_type=product&#038;p=29060"},"modified":"2025-02-01T06:31:51","modified_gmt":"2025-02-01T06:31:51","slug":"akustikpaneele-walnuss-eiche","status":"publish","type":"product","link":"https:\/\/paneeledeko.de\/en\/product\/akustikpaneele-walnuss-eiche\/","title":{"rendered":"Akustikpaneele Walnuss Eiche &#8211; 600*22*2800"},"content":{"rendered":"<p>Erleben Sie die Freude einer einfachen Installation mit unseren AKUSTIK-Paneelen. Schaffen Sie beeindruckende Akzentw\u00e4nde, verleihen Sie Ihrem Raum Textur und Tiefe oder gestalten Sie Ihre Innenr\u00e4ume v\u00f6llig neu. Dank der einfachen Montage mit normalen Schrauben oder Kleber k\u00f6nnen Sie die Sch\u00f6nheit und Funktionalit\u00e4t unserer Wandpaneele im Handumdrehen genie\u00dfen.<\/p>\n<p><img fetchpriority=\"high\" decoding=\"async\" class=\"aligncenter wp-image-29041 size-full\" src=\"https:\/\/paneeledeko.de\/wp-content\/uploads\/2025\/01\/Overo-Acoustic-Slat-Wood-Panels.jpg\" alt=\"Overo-Acoustic-Slat-Wood-Panels\" width=\"1000\" height=\"713\" srcset=\"https:\/\/paneeledeko.de\/wp-content\/uploads\/2025\/01\/Overo-Acoustic-Slat-Wood-Panels.jpg 1000w, https:\/\/paneeledeko.de\/wp-content\/uploads\/2025\/01\/Overo-Acoustic-Slat-Wood-Panels-400x285.jpg 400w, https:\/\/paneeledeko.de\/wp-content\/uploads\/2025\/01\/Overo-Acoustic-Slat-Wood-Panels-768x548.jpg 768w, https:\/\/paneeledeko.de\/wp-content\/uploads\/2025\/01\/Overo-Acoustic-Slat-Wood-Panels-18x12.jpg 18w, https:\/\/paneeledeko.de\/wp-content\/uploads\/2025\/01\/Overo-Acoustic-Slat-Wood-Panels-430x307.jpg 430w, https:\/\/paneeledeko.de\/wp-content\/uploads\/2025\/01\/Overo-Acoustic-Slat-Wood-Panels-700x499.jpg 700w, https:\/\/paneeledeko.de\/wp-content\/uploads\/2025\/01\/Overo-Acoustic-Slat-Wood-Panels-150x107.jpg 150w\" sizes=\"(max-width: 1000px) 100vw, 1000px\" \/><\/p>\n<p>&nbsp;<\/p>","protected":false},"excerpt":{"rendered":"<link rel=\"stylesheet\" id=\"elementor-post-29077-css\" href=\"https:\/\/paneeledeko.de\/wp-content\/uploads\/elementor\/css\/post-29077.css?ver=1776305461\" type=\"text\/css\" media=\"all\">\n<div data-elementor-type=\"wp-post\" data-elementor-id=\"29077\" class=\"elementor elementor-29077\">\n<div class=\"wd-negative-gap elementor-element elementor-element-1a52b61 e-flex e-con-boxed e-con e-parent\" data-id=\"1a52b61\" data-element_type=\"container\">\n<div class=\"e-con-inner\">\n<div class=\"elementor-element elementor-element-1b1d137 color-scheme-inherit text-left elementor-widget elementor-widget-text-editor\" data-id=\"1b1d137\" data-element_type=\"widget\" data-widget_type=\"text-editor.default\">\n<div class=\"elementor-widget-container\">\n<p>inkl. MwSt., zzgl. Versand zzgl. <a class=\"link link--accented\" style=\"text-decoration: underline;\" href=\"https:\/\/paneeledeko.de\/en\/shipping\/\" target=\"_blank\" rel=\"noopener\">Versandkosten<\/a><\/p>\n<\/p><\/div>\n<\/p><\/div>\n<\/p><\/div>\n<\/p><\/div>\n<\/p><\/div>\n<div class=\"woocommerce-product-details__short-description\">Mit unserem benutzerfreundlichen Installationsprozess sparen Sie Zeit und Aufwand, w\u00e4hrend Sie professionelle Ergebnisse erzielen. Es sind keine speziellen Werkzeuge oder komplizierten Techniken erforderlich. Ob Sie ein Heimwerker oder ein professioneller Handwerker sind \u2013 unsere Wandpaneele erm\u00f6glichen eine m\u00fchelose Montage, sodass Sie Ihr Projekt effizient und mit Zuversicht abschlie\u00dfen k\u00f6nnen.<\/div>\n<form class=\"cart\" action=\"https:\/\/paneeledeko.de\/en\/product\/akustikpaneele-holz-eiche\/\" enctype=\"multipart\/form-data\" method=\"post\" data-trp-original-action=\"https:\/\/paneeledeko.de\/product\/akustikpaneele-holz-eiche\/\"><input type=\"hidden\" name=\"trp-form-language\" value=\"en\"\/><\/form>","protected":false},"featured_media":29231,"comment_status":"open","ping_status":"closed","template":"","meta":[],"product_brand":[],"product_cat":[497,72],"product_tag":[],"class_list":{"0":"post-29060","1":"product","2":"type-product","3":"status-publish","4":"has-post-thumbnail","6":"product_cat-akustik-wandpaneel","7":"product_cat-wall-panel","9":"first","10":"instock","11":"shipping-taxable","12":"purchasable","13":"product-type-simple"},"yoast_head":"<!-- This site is optimized with the Yoast SEO plugin v25.6 - https:\/\/yoast.com\/wordpress\/plugins\/seo\/ -->\n<title>Akustikpaneele Walnuss Eiche - 600*22*2800 | Paneele Deko<\/title>\n<meta name=\"robots\" content=\"index, follow, max-snippet:-1, max-image-preview:large, max-video-preview:-1\" \/>\n<link rel=\"canonical\" href=\"https:\/\/paneeledeko.de\/en\/product\/akustikpaneele-walnuss-eiche\/\" \/>\n<meta property=\"og:locale\" content=\"en_US\" \/>\n<meta property=\"og:type\" content=\"article\" \/>\n<meta property=\"og:title\" content=\"Akustikpaneele Walnuss Eiche - 600*22*2800 | Paneele Deko\" \/>\n<meta property=\"og:description\" content=\"Mit unserem benutzerfreundlichen Installationsprozess sparen Sie Zeit und Aufwand, w\u00e4hrend Sie professionelle Ergebnisse erzielen. Es sind keine speziellen Werkzeuge oder komplizierten Techniken erforderlich. Ob Sie ein Heimwerker oder ein professioneller Handwerker sind \u2013 unsere Wandpaneele erm\u00f6glichen eine m\u00fchelose Montage, sodass Sie Ihr Projekt effizient und mit Zuversicht abschlie\u00dfen k\u00f6nnen.\" \/>\n<meta property=\"og:url\" content=\"https:\/\/paneeledeko.de\/en\/product\/akustikpaneele-walnuss-eiche\/\" \/>\n<meta property=\"og:site_name\" content=\"Paneele Deko\" \/>\n<meta property=\"article:publisher\" content=\"https:\/\/www.facebook.com\/paneeledeko\" \/>\n<meta property=\"article:modified_time\" content=\"2025-02-01T06:31:51+00:00\" \/>\n<meta property=\"og:image\" content=\"https:\/\/paneeledeko.de\/wp-content\/uploads\/2025\/01\/Walnut-oak-1-1.jpg\" \/>\n\t<meta property=\"og:image:width\" content=\"1000\" \/>\n\t<meta property=\"og:image:height\" content=\"1000\" \/>\n\t<meta property=\"og:image:type\" content=\"image\/jpeg\" \/>\n<meta name=\"twitter:card\" content=\"summary_large_image\" \/>\n<meta name=\"twitter:label1\" content=\"Est. reading time\" \/>\n\t<meta name=\"twitter:data1\" content=\"1 minute\" \/>\n<script type=\"application\/ld+json\" class=\"yoast-schema-graph\">{\"@context\":\"https:\/\/schema.org\",\"@graph\":[{\"@type\":\"WebPage\",\"@id\":\"https:\/\/paneeledeko.de\/product\/akustikpaneele-walnuss-eiche\/\",\"url\":\"https:\/\/paneeledeko.de\/product\/akustikpaneele-walnuss-eiche\/\",\"name\":\"Akustikpaneele Walnuss Eiche - 600*22*2800 | Paneele Deko\",\"isPartOf\":{\"@id\":\"https:\/\/paneeledeko.de\/#website\"},\"primaryImageOfPage\":{\"@id\":\"https:\/\/paneeledeko.de\/product\/akustikpaneele-walnuss-eiche\/#primaryimage\"},\"image\":{\"@id\":\"https:\/\/paneeledeko.de\/product\/akustikpaneele-walnuss-eiche\/#primaryimage\"},\"thumbnailUrl\":\"https:\/\/paneeledeko.de\/wp-content\/uploads\/2025\/01\/Walnut-oak-1-1.jpg\",\"datePublished\":\"2025-01-27T13:01:42+00:00\",\"dateModified\":\"2025-02-01T06:31:51+00:00\",\"breadcrumb\":{\"@id\":\"https:\/\/paneeledeko.de\/product\/akustikpaneele-walnuss-eiche\/#breadcrumb\"},\"inLanguage\":\"en-US\",\"potentialAction\":[{\"@type\":\"ReadAction\",\"target\":[\"https:\/\/paneeledeko.de\/product\/akustikpaneele-walnuss-eiche\/\"]}]},{\"@type\":\"ImageObject\",\"inLanguage\":\"en-US\",\"@id\":\"https:\/\/paneeledeko.de\/product\/akustikpaneele-walnuss-eiche\/#primaryimage\",\"url\":\"https:\/\/paneeledeko.de\/wp-content\/uploads\/2025\/01\/Walnut-oak-1-1.jpg\",\"contentUrl\":\"https:\/\/paneeledeko.de\/wp-content\/uploads\/2025\/01\/Walnut-oak-1-1.jpg\",\"width\":1000,\"height\":1000},{\"@type\":\"BreadcrumbList\",\"@id\":\"https:\/\/paneeledeko.de\/product\/akustikpaneele-walnuss-eiche\/#breadcrumb\",\"itemListElement\":[{\"@type\":\"ListItem\",\"position\":1,\"name\":\"Home\",\"item\":\"https:\/\/paneeledeko.de\/\"},{\"@type\":\"ListItem\",\"position\":2,\"name\":\"Produkte\",\"item\":\"https:\/\/paneeledeko.de\/products\/\"},{\"@type\":\"ListItem\",\"position\":3,\"name\":\"Akustikpaneele Walnuss Eiche &#8211; 600*22*2800\"}]},{\"@type\":\"WebSite\",\"@id\":\"https:\/\/paneeledeko.de\/#website\",\"url\":\"https:\/\/paneeledeko.de\/\",\"name\":\"Paneele Deko\",\"description\":\"\",\"publisher\":{\"@id\":\"https:\/\/paneeledeko.de\/#organization\"},\"potentialAction\":[{\"@type\":\"SearchAction\",\"target\":{\"@type\":\"EntryPoint\",\"urlTemplate\":\"https:\/\/paneeledeko.de\/?s={search_term_string}\"},\"query-input\":{\"@type\":\"PropertyValueSpecification\",\"valueRequired\":true,\"valueName\":\"search_term_string\"}}],\"inLanguage\":\"en-US\"},{\"@type\":\"Organization\",\"@id\":\"https:\/\/paneeledeko.de\/#organization\",\"name\":\"Paneele Deko\",\"url\":\"https:\/\/paneeledeko.de\/\",\"logo\":{\"@type\":\"ImageObject\",\"inLanguage\":\"en-US\",\"@id\":\"https:\/\/paneeledeko.de\/#\/schema\/logo\/image\/\",\"url\":\"https:\/\/paneeledeko.de\/wp-content\/uploads\/2024\/12\/Favicon-3.png\",\"contentUrl\":\"https:\/\/paneeledeko.de\/wp-content\/uploads\/2024\/12\/Favicon-3.png\",\"width\":256,\"height\":256,\"caption\":\"Paneele Deko\"},\"image\":{\"@id\":\"https:\/\/paneeledeko.de\/#\/schema\/logo\/image\/\"},\"sameAs\":[\"https:\/\/www.facebook.com\/paneeledeko\"]}]}<\/script>\n<!-- \/ Yoast SEO plugin. -->","yoast_head_json":{"title":"Akustikpaneele Walnuss Eiche - 600*22*2800 | Paneele Deko","robots":{"index":"index","follow":"follow","max-snippet":"max-snippet:-1","max-image-preview":"max-image-preview:large","max-video-preview":"max-video-preview:-1"},"canonical":"https:\/\/paneeledeko.de\/en\/product\/akustikpaneele-walnuss-eiche\/","og_locale":"en_US","og_type":"article","og_title":"Akustikpaneele Walnuss Eiche - 600*22*2800 | Paneele Deko","og_description":"Mit unserem benutzerfreundlichen Installationsprozess sparen Sie Zeit und Aufwand, w\u00e4hrend Sie professionelle Ergebnisse erzielen. Es sind keine speziellen Werkzeuge oder komplizierten Techniken erforderlich. Ob Sie ein Heimwerker oder ein professioneller Handwerker sind \u2013 unsere Wandpaneele erm\u00f6glichen eine m\u00fchelose Montage, sodass Sie Ihr Projekt effizient und mit Zuversicht abschlie\u00dfen k\u00f6nnen.","og_url":"https:\/\/paneeledeko.de\/en\/product\/akustikpaneele-walnuss-eiche\/","og_site_name":"Paneele Deko","article_publisher":"https:\/\/www.facebook.com\/paneeledeko","article_modified_time":"2025-02-01T06:31:51+00:00","og_image":[{"width":1000,"height":1000,"url":"https:\/\/paneeledeko.de\/wp-content\/uploads\/2025\/01\/Walnut-oak-1-1.jpg","type":"image\/jpeg"}],"twitter_card":"summary_large_image","twitter_misc":{"Est. reading time":"1 minute"},"schema":{"@context":"https:\/\/schema.org","@graph":[{"@type":"WebPage","@id":"https:\/\/paneeledeko.de\/product\/akustikpaneele-walnuss-eiche\/","url":"https:\/\/paneeledeko.de\/product\/akustikpaneele-walnuss-eiche\/","name":"Akustikpaneele Walnuss Eiche - 600*22*2800 | Paneele Deko","isPartOf":{"@id":"https:\/\/paneeledeko.de\/#website"},"primaryImageOfPage":{"@id":"https:\/\/paneeledeko.de\/product\/akustikpaneele-walnuss-eiche\/#primaryimage"},"image":{"@id":"https:\/\/paneeledeko.de\/product\/akustikpaneele-walnuss-eiche\/#primaryimage"},"thumbnailUrl":"https:\/\/paneeledeko.de\/wp-content\/uploads\/2025\/01\/Walnut-oak-1-1.jpg","datePublished":"2025-01-27T13:01:42+00:00","dateModified":"2025-02-01T06:31:51+00:00","breadcrumb":{"@id":"https:\/\/paneeledeko.de\/product\/akustikpaneele-walnuss-eiche\/#breadcrumb"},"inLanguage":"en-US","potentialAction":[{"@type":"ReadAction","target":["https:\/\/paneeledeko.de\/product\/akustikpaneele-walnuss-eiche\/"]}]},{"@type":"ImageObject","inLanguage":"en-US","@id":"https:\/\/paneeledeko.de\/product\/akustikpaneele-walnuss-eiche\/#primaryimage","url":"https:\/\/paneeledeko.de\/wp-content\/uploads\/2025\/01\/Walnut-oak-1-1.jpg","contentUrl":"https:\/\/paneeledeko.de\/wp-content\/uploads\/2025\/01\/Walnut-oak-1-1.jpg","width":1000,"height":1000},{"@type":"BreadcrumbList","@id":"https:\/\/paneeledeko.de\/product\/akustikpaneele-walnuss-eiche\/#breadcrumb","itemListElement":[{"@type":"ListItem","position":1,"name":"Home","item":"https:\/\/paneeledeko.de\/"},{"@type":"ListItem","position":2,"name":"Produkte","item":"https:\/\/paneeledeko.de\/products\/"},{"@type":"ListItem","position":3,"name":"Akustikpaneele Walnuss Eiche &#8211; 600*22*2800"}]},{"@type":"WebSite","@id":"https:\/\/paneeledeko.de\/#website","url":"https:\/\/paneeledeko.de\/","name":"Paneele Deko","description":"","publisher":{"@id":"https:\/\/paneeledeko.de\/#organization"},"potentialAction":[{"@type":"SearchAction","target":{"@type":"EntryPoint","urlTemplate":"https:\/\/paneeledeko.de\/?s={search_term_string}"},"query-input":{"@type":"PropertyValueSpecification","valueRequired":true,"valueName":"search_term_string"}}],"inLanguage":"en-US"},{"@type":"Organization","@id":"https:\/\/paneeledeko.de\/#organization","name":"Paneele Deko","url":"https:\/\/paneeledeko.de\/","logo":{"@type":"ImageObject","inLanguage":"en-US","@id":"https:\/\/paneeledeko.de\/#\/schema\/logo\/image\/","url":"https:\/\/paneeledeko.de\/wp-content\/uploads\/2024\/12\/Favicon-3.png","contentUrl":"https:\/\/paneeledeko.de\/wp-content\/uploads\/2024\/12\/Favicon-3.png","width":256,"height":256,"caption":"Paneele Deko"},"image":{"@id":"https:\/\/paneeledeko.de\/#\/schema\/logo\/image\/"},"sameAs":["https:\/\/www.facebook.com\/paneeledeko"]}]}},"_links":{"self":[{"href":"https:\/\/paneeledeko.de\/en\/wp-json\/wp\/v2\/product\/29060","targetHints":{"allow":["GET"]}}],"collection":[{"href":"https:\/\/paneeledeko.de\/en\/wp-json\/wp\/v2\/product"}],"about":[{"href":"https:\/\/paneeledeko.de\/en\/wp-json\/wp\/v2\/types\/product"}],"replies":[{"embeddable":true,"href":"https:\/\/paneeledeko.de\/en\/wp-json\/wp\/v2\/comments?post=29060"}],"version-history":[{"count":0,"href":"https:\/\/paneeledeko.de\/en\/wp-json\/wp\/v2\/product\/29060\/revisions"}],"wp:featuredmedia":[{"embeddable":true,"href":"https:\/\/paneeledeko.de\/en\/wp-json\/wp\/v2\/media\/29231"}],"wp:attachment":[{"href":"https:\/\/paneeledeko.de\/en\/wp-json\/wp\/v2\/media?parent=29060"}],"wp:term":[{"taxonomy":"product_brand","embeddable":true,"href":"https:\/\/paneeledeko.de\/en\/wp-json\/wp\/v2\/product_brand?post=29060"},{"taxonomy":"product_cat","embeddable":true,"href":"https:\/\/paneeledeko.de\/en\/wp-json\/wp\/v2\/product_cat?post=29060"},{"taxonomy":"product_tag","embeddable":true,"href":"https:\/\/paneeledeko.de\/en\/wp-json\/wp\/v2\/product_tag?post=29060"}],"curies":[{"name":"wp","href":"https:\/\/api.w.org\/{rel}","templated":true}]}}