{"id":29324,"date":"2025-02-01T08:43:35","date_gmt":"2025-02-01T08:43:35","guid":{"rendered":"https:\/\/paneeledeko.de\/?post_type=product&#038;p=29324"},"modified":"2025-02-02T11:46:20","modified_gmt":"2025-02-02T11:46:20","slug":"hexagon-schwarze-eiche","status":"publish","type":"product","link":"https:\/\/paneeledeko.de\/en\/product\/hexagon-schwarze-eiche\/","title":{"rendered":"Hexagon Schwarze Eiche &#8211; 260*18*300"},"content":{"rendered":"<p>Eine besondere Form, die sowohl gleichseitig als auch gleichwinklig ist und daher perfekt als &#8218;Fliese&#8216; verwendet werden kann. Innerhalb der Form wurde eine optische Illusion eines dreidimensionalen W\u00fcrfels erschaffen, der in Streifen unterteilt ist. Ein komplexes Ganzes mit einer ausgewogenen, grafischen und vor allem exklusiven Erscheinung. ACOUSTIC HEXAGON ist eine akustische Wandverkleidung mit eigenem Charakter.<\/p>","protected":false},"excerpt":{"rendered":"<ul>\n<li>B\u00f6den<\/li>\n<li>W\u00e4nde<\/li>\n<li>Treppen<\/li>\n<li>T\u00fcren<\/li>\n<li>K\u00fcchen<\/li>\n<li>M\u00f6bel<\/li>\n<li>Kamine<\/li>\n<li>Teppiche<\/li>\n<li>Polsterungen<\/li>\n<li>Akustik<\/li>\n<\/ul>\n<p>&nbsp;<\/p>","protected":false},"featured_media":29410,"comment_status":"open","ping_status":"closed","template":"","meta":[],"product_brand":[],"product_cat":[510,511],"product_tag":[],"class_list":{"0":"post-29324","1":"product","2":"type-product","3":"status-publish","4":"has-post-thumbnail","6":"product_cat-dekoratives","7":"product_cat-hexagon","9":"first","10":"instock","11":"shipping-taxable","12":"product-type-simple"},"yoast_head":"<!-- This site is optimized with the Yoast SEO plugin v25.6 - https:\/\/yoast.com\/wordpress\/plugins\/seo\/ -->\n<title>Hexagon Schwarze Eiche - 260*18*300 | Paneele Deko<\/title>\n<meta name=\"robots\" content=\"index, follow, max-snippet:-1, max-image-preview:large, max-video-preview:-1\" \/>\n<link rel=\"canonical\" href=\"https:\/\/paneeledeko.de\/en\/product\/hexagon-schwarze-eiche\/\" \/>\n<meta property=\"og:locale\" content=\"en_US\" \/>\n<meta property=\"og:type\" content=\"article\" \/>\n<meta property=\"og:title\" content=\"Hexagon Schwarze Eiche - 260*18*300 | Paneele Deko\" \/>\n<meta property=\"og:description\" content=\"B\u00f6den  W\u00e4nde  Treppen  T\u00fcren  K\u00fcchen  M\u00f6bel  Kamine  Teppiche  Polsterungen  Akustik  &nbsp;\" \/>\n<meta property=\"og:url\" content=\"https:\/\/paneeledeko.de\/en\/product\/hexagon-schwarze-eiche\/\" \/>\n<meta property=\"og:site_name\" content=\"Paneele Deko\" \/>\n<meta property=\"article:publisher\" content=\"https:\/\/www.facebook.com\/paneeledeko\" \/>\n<meta property=\"article:modified_time\" content=\"2025-02-02T11:46:20+00:00\" \/>\n<meta property=\"og:image\" content=\"https:\/\/paneeledeko.de\/wp-content\/uploads\/2025\/02\/black-1.jpg\" \/>\n\t<meta property=\"og:image:width\" content=\"720\" \/>\n\t<meta property=\"og:image:height\" content=\"720\" \/>\n\t<meta property=\"og:image:type\" content=\"image\/jpeg\" \/>\n<meta name=\"twitter:card\" content=\"summary_large_image\" \/>\n<meta name=\"twitter:label1\" content=\"Est. reading time\" \/>\n\t<meta name=\"twitter:data1\" content=\"1 minute\" \/>\n<script type=\"application\/ld+json\" class=\"yoast-schema-graph\">{\"@context\":\"https:\/\/schema.org\",\"@graph\":[{\"@type\":\"WebPage\",\"@id\":\"https:\/\/paneeledeko.de\/product\/hexagon-schwarze-eiche\/\",\"url\":\"https:\/\/paneeledeko.de\/product\/hexagon-schwarze-eiche\/\",\"name\":\"Hexagon Schwarze Eiche - 260*18*300 | Paneele Deko\",\"isPartOf\":{\"@id\":\"https:\/\/paneeledeko.de\/#website\"},\"primaryImageOfPage\":{\"@id\":\"https:\/\/paneeledeko.de\/product\/hexagon-schwarze-eiche\/#primaryimage\"},\"image\":{\"@id\":\"https:\/\/paneeledeko.de\/product\/hexagon-schwarze-eiche\/#primaryimage\"},\"thumbnailUrl\":\"https:\/\/paneeledeko.de\/wp-content\/uploads\/2025\/02\/black-1.jpg\",\"datePublished\":\"2025-02-01T08:43:35+00:00\",\"dateModified\":\"2025-02-02T11:46:20+00:00\",\"breadcrumb\":{\"@id\":\"https:\/\/paneeledeko.de\/product\/hexagon-schwarze-eiche\/#breadcrumb\"},\"inLanguage\":\"en-US\",\"potentialAction\":[{\"@type\":\"ReadAction\",\"target\":[\"https:\/\/paneeledeko.de\/product\/hexagon-schwarze-eiche\/\"]}]},{\"@type\":\"ImageObject\",\"inLanguage\":\"en-US\",\"@id\":\"https:\/\/paneeledeko.de\/product\/hexagon-schwarze-eiche\/#primaryimage\",\"url\":\"https:\/\/paneeledeko.de\/wp-content\/uploads\/2025\/02\/black-1.jpg\",\"contentUrl\":\"https:\/\/paneeledeko.de\/wp-content\/uploads\/2025\/02\/black-1.jpg\",\"width\":720,\"height\":720,\"caption\":\"Black\"},{\"@type\":\"BreadcrumbList\",\"@id\":\"https:\/\/paneeledeko.de\/product\/hexagon-schwarze-eiche\/#breadcrumb\",\"itemListElement\":[{\"@type\":\"ListItem\",\"position\":1,\"name\":\"Home\",\"item\":\"https:\/\/paneeledeko.de\/\"},{\"@type\":\"ListItem\",\"position\":2,\"name\":\"Produkte\",\"item\":\"https:\/\/paneeledeko.de\/products\/\"},{\"@type\":\"ListItem\",\"position\":3,\"name\":\"Hexagon Schwarze Eiche &#8211; 260*18*300\"}]},{\"@type\":\"WebSite\",\"@id\":\"https:\/\/paneeledeko.de\/#website\",\"url\":\"https:\/\/paneeledeko.de\/\",\"name\":\"Paneele Deko\",\"description\":\"\",\"publisher\":{\"@id\":\"https:\/\/paneeledeko.de\/#organization\"},\"potentialAction\":[{\"@type\":\"SearchAction\",\"target\":{\"@type\":\"EntryPoint\",\"urlTemplate\":\"https:\/\/paneeledeko.de\/?s={search_term_string}\"},\"query-input\":{\"@type\":\"PropertyValueSpecification\",\"valueRequired\":true,\"valueName\":\"search_term_string\"}}],\"inLanguage\":\"en-US\"},{\"@type\":\"Organization\",\"@id\":\"https:\/\/paneeledeko.de\/#organization\",\"name\":\"Paneele Deko\",\"url\":\"https:\/\/paneeledeko.de\/\",\"logo\":{\"@type\":\"ImageObject\",\"inLanguage\":\"en-US\",\"@id\":\"https:\/\/paneeledeko.de\/#\/schema\/logo\/image\/\",\"url\":\"https:\/\/paneeledeko.de\/wp-content\/uploads\/2024\/12\/Favicon-3.png\",\"contentUrl\":\"https:\/\/paneeledeko.de\/wp-content\/uploads\/2024\/12\/Favicon-3.png\",\"width\":256,\"height\":256,\"caption\":\"Paneele Deko\"},\"image\":{\"@id\":\"https:\/\/paneeledeko.de\/#\/schema\/logo\/image\/\"},\"sameAs\":[\"https:\/\/www.facebook.com\/paneeledeko\"]}]}<\/script>\n<!-- \/ Yoast SEO plugin. -->","yoast_head_json":{"title":"Hexagon Schwarze Eiche - 260*18*300 | Paneele Deko","robots":{"index":"index","follow":"follow","max-snippet":"max-snippet:-1","max-image-preview":"max-image-preview:large","max-video-preview":"max-video-preview:-1"},"canonical":"https:\/\/paneeledeko.de\/en\/product\/hexagon-schwarze-eiche\/","og_locale":"en_US","og_type":"article","og_title":"Hexagon Schwarze Eiche - 260*18*300 | Paneele Deko","og_description":"B\u00f6den  W\u00e4nde  Treppen  T\u00fcren  K\u00fcchen  M\u00f6bel  Kamine  Teppiche  Polsterungen  Akustik  &nbsp;","og_url":"https:\/\/paneeledeko.de\/en\/product\/hexagon-schwarze-eiche\/","og_site_name":"Paneele Deko","article_publisher":"https:\/\/www.facebook.com\/paneeledeko","article_modified_time":"2025-02-02T11:46:20+00:00","og_image":[{"width":720,"height":720,"url":"https:\/\/paneeledeko.de\/wp-content\/uploads\/2025\/02\/black-1.jpg","type":"image\/jpeg"}],"twitter_card":"summary_large_image","twitter_misc":{"Est. reading time":"1 minute"},"schema":{"@context":"https:\/\/schema.org","@graph":[{"@type":"WebPage","@id":"https:\/\/paneeledeko.de\/product\/hexagon-schwarze-eiche\/","url":"https:\/\/paneeledeko.de\/product\/hexagon-schwarze-eiche\/","name":"Hexagon Schwarze Eiche - 260*18*300 | Paneele Deko","isPartOf":{"@id":"https:\/\/paneeledeko.de\/#website"},"primaryImageOfPage":{"@id":"https:\/\/paneeledeko.de\/product\/hexagon-schwarze-eiche\/#primaryimage"},"image":{"@id":"https:\/\/paneeledeko.de\/product\/hexagon-schwarze-eiche\/#primaryimage"},"thumbnailUrl":"https:\/\/paneeledeko.de\/wp-content\/uploads\/2025\/02\/black-1.jpg","datePublished":"2025-02-01T08:43:35+00:00","dateModified":"2025-02-02T11:46:20+00:00","breadcrumb":{"@id":"https:\/\/paneeledeko.de\/product\/hexagon-schwarze-eiche\/#breadcrumb"},"inLanguage":"en-US","potentialAction":[{"@type":"ReadAction","target":["https:\/\/paneeledeko.de\/product\/hexagon-schwarze-eiche\/"]}]},{"@type":"ImageObject","inLanguage":"en-US","@id":"https:\/\/paneeledeko.de\/product\/hexagon-schwarze-eiche\/#primaryimage","url":"https:\/\/paneeledeko.de\/wp-content\/uploads\/2025\/02\/black-1.jpg","contentUrl":"https:\/\/paneeledeko.de\/wp-content\/uploads\/2025\/02\/black-1.jpg","width":720,"height":720,"caption":"Black"},{"@type":"BreadcrumbList","@id":"https:\/\/paneeledeko.de\/product\/hexagon-schwarze-eiche\/#breadcrumb","itemListElement":[{"@type":"ListItem","position":1,"name":"Home","item":"https:\/\/paneeledeko.de\/"},{"@type":"ListItem","position":2,"name":"Produkte","item":"https:\/\/paneeledeko.de\/products\/"},{"@type":"ListItem","position":3,"name":"Hexagon Schwarze Eiche &#8211; 260*18*300"}]},{"@type":"WebSite","@id":"https:\/\/paneeledeko.de\/#website","url":"https:\/\/paneeledeko.de\/","name":"Paneele Deko","description":"","publisher":{"@id":"https:\/\/paneeledeko.de\/#organization"},"potentialAction":[{"@type":"SearchAction","target":{"@type":"EntryPoint","urlTemplate":"https:\/\/paneeledeko.de\/?s={search_term_string}"},"query-input":{"@type":"PropertyValueSpecification","valueRequired":true,"valueName":"search_term_string"}}],"inLanguage":"en-US"},{"@type":"Organization","@id":"https:\/\/paneeledeko.de\/#organization","name":"Paneele Deko","url":"https:\/\/paneeledeko.de\/","logo":{"@type":"ImageObject","inLanguage":"en-US","@id":"https:\/\/paneeledeko.de\/#\/schema\/logo\/image\/","url":"https:\/\/paneeledeko.de\/wp-content\/uploads\/2024\/12\/Favicon-3.png","contentUrl":"https:\/\/paneeledeko.de\/wp-content\/uploads\/2024\/12\/Favicon-3.png","width":256,"height":256,"caption":"Paneele Deko"},"image":{"@id":"https:\/\/paneeledeko.de\/#\/schema\/logo\/image\/"},"sameAs":["https:\/\/www.facebook.com\/paneeledeko"]}]}},"_links":{"self":[{"href":"https:\/\/paneeledeko.de\/en\/wp-json\/wp\/v2\/product\/29324","targetHints":{"allow":["GET"]}}],"collection":[{"href":"https:\/\/paneeledeko.de\/en\/wp-json\/wp\/v2\/product"}],"about":[{"href":"https:\/\/paneeledeko.de\/en\/wp-json\/wp\/v2\/types\/product"}],"replies":[{"embeddable":true,"href":"https:\/\/paneeledeko.de\/en\/wp-json\/wp\/v2\/comments?post=29324"}],"version-history":[{"count":0,"href":"https:\/\/paneeledeko.de\/en\/wp-json\/wp\/v2\/product\/29324\/revisions"}],"wp:featuredmedia":[{"embeddable":true,"href":"https:\/\/paneeledeko.de\/en\/wp-json\/wp\/v2\/media\/29410"}],"wp:attachment":[{"href":"https:\/\/paneeledeko.de\/en\/wp-json\/wp\/v2\/media?parent=29324"}],"wp:term":[{"taxonomy":"product_brand","embeddable":true,"href":"https:\/\/paneeledeko.de\/en\/wp-json\/wp\/v2\/product_brand?post=29324"},{"taxonomy":"product_cat","embeddable":true,"href":"https:\/\/paneeledeko.de\/en\/wp-json\/wp\/v2\/product_cat?post=29324"},{"taxonomy":"product_tag","embeddable":true,"href":"https:\/\/paneeledeko.de\/en\/wp-json\/wp\/v2\/product_tag?post=29324"}],"curies":[{"name":"wp","href":"https:\/\/api.w.org\/{rel}","templated":true}]}}