{"id":29489,"date":"2025-02-02T17:10:59","date_gmt":"2025-02-02T17:10:59","guid":{"rendered":"https:\/\/paneeledeko.de\/?post_type=product&#038;p=29489"},"modified":"2025-02-02T17:12:33","modified_gmt":"2025-02-02T17:12:33","slug":"randlumineszenz-rand-5mm","status":"publish","type":"product","link":"https:\/\/paneeledeko.de\/en\/product\/randlumineszenz-rand-5mm\/","title":{"rendered":"Randlumineszenz Rand &#8211; 5mm"},"content":{"rendered":"<p>Optimieren Sie Ihre Bau- und Innenausbauprojekte mit unserem hochwertigen Profil. Entwickelt f\u00fcr St\u00e4rke und Langlebigkeit, ist dieses Profil ideal f\u00fcr verschiedene Anwendungen und sorgt f\u00fcr ein professionelles und elegantes Finish.<\/p>\n<h3><strong>Main features:<\/strong><\/h3>\n<p>\u2705 <strong>Gr\u00f6\u00dfe:<\/strong> 3 Meter \u2013 perfekt f\u00fcr kleine und gro\u00dfe Projekte<br \/>\n\u2705 <strong>Verf\u00fcgbare Farben:<\/strong> Elegantes Aluminium und stilvolles Schwarz, passend zu verschiedenen Designs<br \/>\n\u2705 <strong>Anwendung:<\/strong> Speziell f\u00fcr 5-mm-Materialien entwickelt, um eine sichere und nahtlose Passform zu gew\u00e4hrleisten<br \/>\n\u2705 <strong>Hochwertiges Material:<\/strong> Gefertigt aus erstklassigem Aluminium, das langlebig, korrosionsbest\u00e4ndig und leicht ist<\/p>\n<p>Dieses Profil wird h\u00e4ufig bei der Installation von Wandpaneelen, in der M\u00f6belherstellung und zur strukturellen Unterst\u00fctzung verwendet. Dank seines robusten Designs sorgt es f\u00fcr Stabilit\u00e4t, w\u00e4hrend die Aluminiumkonstruktion eine langfristige Nutzung ohne Rost oder Verformung garantiert. Die vielseitigen Farboptionen erm\u00f6glichen eine m\u00fchelose Integration in moderne und klassische Designs.<\/p>\n<p>Egal, ob Sie eine <strong>Hausrenovierung<\/strong>, eine <strong>B\u00fcroaufwertung<\/strong> oder ein <strong>industrielles Projekt<\/strong> planen \u2013 dieses Profil ist die perfekte Wahl f\u00fcr eine elegante, stabile und zuverl\u00e4ssige L\u00f6sung. <strong>Bestellen Sie noch heute und bringen Sie Ihr Projekt auf das n\u00e4chste Level!<\/strong><\/p>","protected":false},"excerpt":{"rendered":"<p>Dieses Profil wird h\u00e4ufig bei der Installation von Wandpaneelen, in der M\u00f6belherstellung und zur strukturellen Unterst\u00fctzung verwendet. Sein robustes Design sorgt f\u00fcr Stabilit\u00e4t, w\u00e4hrend die Aluminiumkonstruktion eine langfristige Nutzung ohne Rost oder Verformung garantiert. Die vielseitigen Farboptionen erm\u00f6glichen eine m\u00fchelose Integration in moderne und klassische Designs.<\/p>","protected":false},"featured_media":29491,"comment_status":"open","ping_status":"closed","template":"","meta":[],"product_brand":[],"product_cat":[73,502],"product_tag":[],"class_list":{"0":"post-29489","1":"product","2":"type-product","3":"status-publish","4":"has-post-thumbnail","6":"product_cat-moulding-accessories","7":"product_cat-zubehoer-fuer-wandpaneele","9":"first","10":"instock","11":"shipping-taxable","12":"product-type-simple"},"yoast_head":"<!-- This site is optimized with the Yoast SEO plugin v25.6 - https:\/\/yoast.com\/wordpress\/plugins\/seo\/ -->\n<title>Randlumineszenz Rand - 5mm | Paneele Deko<\/title>\n<meta name=\"robots\" content=\"index, follow, max-snippet:-1, max-image-preview:large, max-video-preview:-1\" \/>\n<link rel=\"canonical\" href=\"https:\/\/paneeledeko.de\/en\/product\/randlumineszenz-rand-5mm\/\" \/>\n<meta property=\"og:locale\" content=\"en_US\" \/>\n<meta property=\"og:type\" content=\"article\" \/>\n<meta property=\"og:title\" content=\"Randlumineszenz Rand - 5mm | Paneele Deko\" \/>\n<meta property=\"og:description\" content=\"Dieses Profil wird h\u00e4ufig bei der Installation von Wandpaneelen, in der M\u00f6belherstellung und zur strukturellen Unterst\u00fctzung verwendet. Sein robustes Design sorgt f\u00fcr Stabilit\u00e4t, w\u00e4hrend die Aluminiumkonstruktion eine langfristige Nutzung ohne Rost oder Verformung garantiert. Die vielseitigen Farboptionen erm\u00f6glichen eine m\u00fchelose Integration in moderne und klassische Designs.\" \/>\n<meta property=\"og:url\" content=\"https:\/\/paneeledeko.de\/en\/product\/randlumineszenz-rand-5mm\/\" \/>\n<meta property=\"og:site_name\" content=\"Paneele Deko\" \/>\n<meta property=\"article:publisher\" content=\"https:\/\/www.facebook.com\/paneeledeko\" \/>\n<meta property=\"article:modified_time\" content=\"2025-02-02T17:12:33+00:00\" \/>\n<meta property=\"og:image\" content=\"https:\/\/paneeledeko.de\/wp-content\/uploads\/2025\/02\/image20.jpg\" \/>\n\t<meta property=\"og:image:width\" content=\"192\" \/>\n\t<meta property=\"og:image:height\" content=\"170\" \/>\n\t<meta property=\"og:image:type\" content=\"image\/jpeg\" \/>\n<meta name=\"twitter:card\" content=\"summary_large_image\" \/>\n<meta name=\"twitter:label1\" content=\"Est. reading time\" \/>\n\t<meta name=\"twitter:data1\" content=\"2 minutes\" \/>\n<script type=\"application\/ld+json\" class=\"yoast-schema-graph\">{\"@context\":\"https:\/\/schema.org\",\"@graph\":[{\"@type\":\"WebPage\",\"@id\":\"https:\/\/paneeledeko.de\/product\/randlumineszenz-rand-5mm\/\",\"url\":\"https:\/\/paneeledeko.de\/product\/randlumineszenz-rand-5mm\/\",\"name\":\"Randlumineszenz Rand - 5mm | Paneele Deko\",\"isPartOf\":{\"@id\":\"https:\/\/paneeledeko.de\/#website\"},\"primaryImageOfPage\":{\"@id\":\"https:\/\/paneeledeko.de\/product\/randlumineszenz-rand-5mm\/#primaryimage\"},\"image\":{\"@id\":\"https:\/\/paneeledeko.de\/product\/randlumineszenz-rand-5mm\/#primaryimage\"},\"thumbnailUrl\":\"https:\/\/paneeledeko.de\/wp-content\/uploads\/2025\/02\/image20.jpg\",\"datePublished\":\"2025-02-02T17:10:59+00:00\",\"dateModified\":\"2025-02-02T17:12:33+00:00\",\"breadcrumb\":{\"@id\":\"https:\/\/paneeledeko.de\/product\/randlumineszenz-rand-5mm\/#breadcrumb\"},\"inLanguage\":\"en-US\",\"potentialAction\":[{\"@type\":\"ReadAction\",\"target\":[\"https:\/\/paneeledeko.de\/product\/randlumineszenz-rand-5mm\/\"]}]},{\"@type\":\"ImageObject\",\"inLanguage\":\"en-US\",\"@id\":\"https:\/\/paneeledeko.de\/product\/randlumineszenz-rand-5mm\/#primaryimage\",\"url\":\"https:\/\/paneeledeko.de\/wp-content\/uploads\/2025\/02\/image20.jpg\",\"contentUrl\":\"https:\/\/paneeledeko.de\/wp-content\/uploads\/2025\/02\/image20.jpg\",\"width\":192,\"height\":170},{\"@type\":\"BreadcrumbList\",\"@id\":\"https:\/\/paneeledeko.de\/product\/randlumineszenz-rand-5mm\/#breadcrumb\",\"itemListElement\":[{\"@type\":\"ListItem\",\"position\":1,\"name\":\"Home\",\"item\":\"https:\/\/paneeledeko.de\/\"},{\"@type\":\"ListItem\",\"position\":2,\"name\":\"Produkte\",\"item\":\"https:\/\/paneeledeko.de\/products\/\"},{\"@type\":\"ListItem\",\"position\":3,\"name\":\"Randlumineszenz Rand &#8211; 5mm\"}]},{\"@type\":\"WebSite\",\"@id\":\"https:\/\/paneeledeko.de\/#website\",\"url\":\"https:\/\/paneeledeko.de\/\",\"name\":\"Paneele Deko\",\"description\":\"\",\"publisher\":{\"@id\":\"https:\/\/paneeledeko.de\/#organization\"},\"potentialAction\":[{\"@type\":\"SearchAction\",\"target\":{\"@type\":\"EntryPoint\",\"urlTemplate\":\"https:\/\/paneeledeko.de\/?s={search_term_string}\"},\"query-input\":{\"@type\":\"PropertyValueSpecification\",\"valueRequired\":true,\"valueName\":\"search_term_string\"}}],\"inLanguage\":\"en-US\"},{\"@type\":\"Organization\",\"@id\":\"https:\/\/paneeledeko.de\/#organization\",\"name\":\"Paneele Deko\",\"url\":\"https:\/\/paneeledeko.de\/\",\"logo\":{\"@type\":\"ImageObject\",\"inLanguage\":\"en-US\",\"@id\":\"https:\/\/paneeledeko.de\/#\/schema\/logo\/image\/\",\"url\":\"https:\/\/paneeledeko.de\/wp-content\/uploads\/2024\/12\/Favicon-3.png\",\"contentUrl\":\"https:\/\/paneeledeko.de\/wp-content\/uploads\/2024\/12\/Favicon-3.png\",\"width\":256,\"height\":256,\"caption\":\"Paneele Deko\"},\"image\":{\"@id\":\"https:\/\/paneeledeko.de\/#\/schema\/logo\/image\/\"},\"sameAs\":[\"https:\/\/www.facebook.com\/paneeledeko\"]}]}<\/script>\n<!-- \/ Yoast SEO plugin. -->","yoast_head_json":{"title":"Randlumineszenz Rand - 5mm | Paneele Deko","robots":{"index":"index","follow":"follow","max-snippet":"max-snippet:-1","max-image-preview":"max-image-preview:large","max-video-preview":"max-video-preview:-1"},"canonical":"https:\/\/paneeledeko.de\/en\/product\/randlumineszenz-rand-5mm\/","og_locale":"en_US","og_type":"article","og_title":"Randlumineszenz Rand - 5mm | Paneele Deko","og_description":"Dieses Profil wird h\u00e4ufig bei der Installation von Wandpaneelen, in der M\u00f6belherstellung und zur strukturellen Unterst\u00fctzung verwendet. Sein robustes Design sorgt f\u00fcr Stabilit\u00e4t, w\u00e4hrend die Aluminiumkonstruktion eine langfristige Nutzung ohne Rost oder Verformung garantiert. Die vielseitigen Farboptionen erm\u00f6glichen eine m\u00fchelose Integration in moderne und klassische Designs.","og_url":"https:\/\/paneeledeko.de\/en\/product\/randlumineszenz-rand-5mm\/","og_site_name":"Paneele Deko","article_publisher":"https:\/\/www.facebook.com\/paneeledeko","article_modified_time":"2025-02-02T17:12:33+00:00","og_image":[{"width":192,"height":170,"url":"https:\/\/paneeledeko.de\/wp-content\/uploads\/2025\/02\/image20.jpg","type":"image\/jpeg"}],"twitter_card":"summary_large_image","twitter_misc":{"Est. reading time":"2 minutes"},"schema":{"@context":"https:\/\/schema.org","@graph":[{"@type":"WebPage","@id":"https:\/\/paneeledeko.de\/product\/randlumineszenz-rand-5mm\/","url":"https:\/\/paneeledeko.de\/product\/randlumineszenz-rand-5mm\/","name":"Randlumineszenz Rand - 5mm | Paneele Deko","isPartOf":{"@id":"https:\/\/paneeledeko.de\/#website"},"primaryImageOfPage":{"@id":"https:\/\/paneeledeko.de\/product\/randlumineszenz-rand-5mm\/#primaryimage"},"image":{"@id":"https:\/\/paneeledeko.de\/product\/randlumineszenz-rand-5mm\/#primaryimage"},"thumbnailUrl":"https:\/\/paneeledeko.de\/wp-content\/uploads\/2025\/02\/image20.jpg","datePublished":"2025-02-02T17:10:59+00:00","dateModified":"2025-02-02T17:12:33+00:00","breadcrumb":{"@id":"https:\/\/paneeledeko.de\/product\/randlumineszenz-rand-5mm\/#breadcrumb"},"inLanguage":"en-US","potentialAction":[{"@type":"ReadAction","target":["https:\/\/paneeledeko.de\/product\/randlumineszenz-rand-5mm\/"]}]},{"@type":"ImageObject","inLanguage":"en-US","@id":"https:\/\/paneeledeko.de\/product\/randlumineszenz-rand-5mm\/#primaryimage","url":"https:\/\/paneeledeko.de\/wp-content\/uploads\/2025\/02\/image20.jpg","contentUrl":"https:\/\/paneeledeko.de\/wp-content\/uploads\/2025\/02\/image20.jpg","width":192,"height":170},{"@type":"BreadcrumbList","@id":"https:\/\/paneeledeko.de\/product\/randlumineszenz-rand-5mm\/#breadcrumb","itemListElement":[{"@type":"ListItem","position":1,"name":"Home","item":"https:\/\/paneeledeko.de\/"},{"@type":"ListItem","position":2,"name":"Produkte","item":"https:\/\/paneeledeko.de\/products\/"},{"@type":"ListItem","position":3,"name":"Randlumineszenz Rand &#8211; 5mm"}]},{"@type":"WebSite","@id":"https:\/\/paneeledeko.de\/#website","url":"https:\/\/paneeledeko.de\/","name":"Paneele Deko","description":"","publisher":{"@id":"https:\/\/paneeledeko.de\/#organization"},"potentialAction":[{"@type":"SearchAction","target":{"@type":"EntryPoint","urlTemplate":"https:\/\/paneeledeko.de\/?s={search_term_string}"},"query-input":{"@type":"PropertyValueSpecification","valueRequired":true,"valueName":"search_term_string"}}],"inLanguage":"en-US"},{"@type":"Organization","@id":"https:\/\/paneeledeko.de\/#organization","name":"Paneele Deko","url":"https:\/\/paneeledeko.de\/","logo":{"@type":"ImageObject","inLanguage":"en-US","@id":"https:\/\/paneeledeko.de\/#\/schema\/logo\/image\/","url":"https:\/\/paneeledeko.de\/wp-content\/uploads\/2024\/12\/Favicon-3.png","contentUrl":"https:\/\/paneeledeko.de\/wp-content\/uploads\/2024\/12\/Favicon-3.png","width":256,"height":256,"caption":"Paneele Deko"},"image":{"@id":"https:\/\/paneeledeko.de\/#\/schema\/logo\/image\/"},"sameAs":["https:\/\/www.facebook.com\/paneeledeko"]}]}},"_links":{"self":[{"href":"https:\/\/paneeledeko.de\/en\/wp-json\/wp\/v2\/product\/29489","targetHints":{"allow":["GET"]}}],"collection":[{"href":"https:\/\/paneeledeko.de\/en\/wp-json\/wp\/v2\/product"}],"about":[{"href":"https:\/\/paneeledeko.de\/en\/wp-json\/wp\/v2\/types\/product"}],"replies":[{"embeddable":true,"href":"https:\/\/paneeledeko.de\/en\/wp-json\/wp\/v2\/comments?post=29489"}],"version-history":[{"count":0,"href":"https:\/\/paneeledeko.de\/en\/wp-json\/wp\/v2\/product\/29489\/revisions"}],"wp:featuredmedia":[{"embeddable":true,"href":"https:\/\/paneeledeko.de\/en\/wp-json\/wp\/v2\/media\/29491"}],"wp:attachment":[{"href":"https:\/\/paneeledeko.de\/en\/wp-json\/wp\/v2\/media?parent=29489"}],"wp:term":[{"taxonomy":"product_brand","embeddable":true,"href":"https:\/\/paneeledeko.de\/en\/wp-json\/wp\/v2\/product_brand?post=29489"},{"taxonomy":"product_cat","embeddable":true,"href":"https:\/\/paneeledeko.de\/en\/wp-json\/wp\/v2\/product_cat?post=29489"},{"taxonomy":"product_tag","embeddable":true,"href":"https:\/\/paneeledeko.de\/en\/wp-json\/wp\/v2\/product_tag?post=29489"}],"curies":[{"name":"wp","href":"https:\/\/api.w.org\/{rel}","templated":true}]}}