{"id":29537,"date":"2025-02-03T07:45:03","date_gmt":"2025-02-03T07:45:03","guid":{"rendered":"https:\/\/paneeledeko.de\/?post_type=product&#038;p=29537"},"modified":"2025-02-03T11:03:23","modified_gmt":"2025-02-03T11:03:23","slug":"embossed-flooring-walnuss-140252900-mm","status":"publish","type":"product","link":"https:\/\/paneeledeko.de\/en\/product\/embossed-flooring-walnuss-140252900-mm\/","title":{"rendered":"Gepr\u00e4gter Bodenbelag Walnuss &#8211; 140*25*2900 mm"},"content":{"rendered":"<p><strong>Premium Gepr\u00e4gter Bodenbelag \u2013 Langlebig, Wasserdicht &amp; Wetterbest\u00e4ndig<\/strong><\/p>\n<p>\u00dcber \u00c4sthetik und Haltbarkeit hinaus ist unser Bodenbelag auch umweltfreundlich und somit eine nachhaltige Wahl f\u00fcr moderne R\u00e4ume. Ob f\u00fcr eine Terrasse, ein Gewerbegebiet oder einen Wohnbereich \u2013 dieser Bodenbelag bietet eine kosteng\u00fcnstige und stilvolle L\u00f6sung. Er ist einfach zu installieren und zu pflegen und damit die ideale Wahl f\u00fcr alle, die in Qualit\u00e4t und Leistung langfristig investieren m\u00f6chten.<\/p>\n<p><strong>Vorteile:<\/strong><br \/>\n\u2714 Kein Verblassen durch Sonneneinstrahlung<br \/>\n\u2714 Keine Ausdehnung bei Regen<br \/>\n\u2714 Keine Verformung im Au\u00dfenbereich<br \/>\n\u2714 Wasserdicht<br \/>\n\u2714 UV-best\u00e4ndig<br \/>\n\u2714 Hoch dekorativ &amp; wirtschaftlich umweltfreundlich<\/p>\n<p><strong>Werten Sie Ihre B\u00f6den auf mit unserem gepr\u00e4gten Bodenbelag \u2013 wo Langlebigkeit auf Eleganz trifft!<\/strong><\/p>","protected":false},"excerpt":{"rendered":"<p>Unser gepr\u00e4gter Bodenbelag bietet au\u00dfergew\u00f6hnliche Haltbarkeit und langanhaltende Sch\u00f6nheit. Dank modernster Technologie bleibt die Farbe auch bei intensiver Sonneneinstrahlung erhalten, sodass die Oberfl\u00e4che \u00fcber Jahre hinweg frisch und lebendig aussieht. Im Gegensatz zu herk\u00f6mmlichen Materialien dehnt sich dieser Bodenbelag bei Regen nicht aus und verzieht sich nicht durch Feuchtigkeit \u2013 ideal f\u00fcr jede Wetterlage.<\/p>\n<p>Mit seinen wasser Eigenschaften sorgt dieser Bodenbelag f\u00fcr Sicherheit und Langlebigkeit, selbst unter extremen Bedingungen. Zudem ist er schimmel- und pilzresistent, wodurch unerw\u00fcnschte Ablagerungen verhindert und eine hygienische Umgebung gew\u00e4hrleistet wird. Die hochwertige gepr\u00e4gte Struktur verleiht eine ansprechende Optik und schafft eine stilvolle, nat\u00fcrliche Atmosph\u00e4re, die sich harmonisch in jede Umgebung einf\u00fcgt.<\/p>","protected":false},"featured_media":29538,"comment_status":"open","ping_status":"closed","template":"","meta":[],"product_brand":[],"product_cat":[74,99],"product_tag":[],"class_list":{"0":"post-29537","1":"product","2":"type-product","3":"status-publish","4":"has-post-thumbnail","6":"product_cat-outdoor","7":"product_cat-wpc-decking","9":"first","10":"instock","11":"shipping-taxable","12":"product-type-simple"},"yoast_head":"<!-- This site is optimized with the Yoast SEO plugin v25.6 - https:\/\/yoast.com\/wordpress\/plugins\/seo\/ -->\n<title>Gepr\u00e4gter Bodenbelag Walnuss - 140*25*2900 mm | Paneele Deko<\/title>\n<meta name=\"robots\" content=\"index, follow, max-snippet:-1, max-image-preview:large, max-video-preview:-1\" \/>\n<link rel=\"canonical\" href=\"https:\/\/paneeledeko.de\/en\/product\/embossed-flooring-walnuss-140252900-mm\/\" \/>\n<meta property=\"og:locale\" content=\"en_US\" \/>\n<meta property=\"og:type\" content=\"article\" \/>\n<meta property=\"og:title\" content=\"Gepr\u00e4gter Bodenbelag Walnuss - 140*25*2900 mm | Paneele Deko\" \/>\n<meta property=\"og:description\" content=\"Unser gepr\u00e4gter Bodenbelag bietet au\u00dfergew\u00f6hnliche Haltbarkeit und langanhaltende Sch\u00f6nheit. Dank modernster Technologie bleibt die Farbe auch bei intensiver Sonneneinstrahlung erhalten, sodass die Oberfl\u00e4che \u00fcber Jahre hinweg frisch und lebendig aussieht. Im Gegensatz zu herk\u00f6mmlichen Materialien dehnt sich dieser Bodenbelag bei Regen nicht aus und verzieht sich nicht durch Feuchtigkeit \u2013 ideal f\u00fcr jede Wetterlage.  Mit seinen wasser Eigenschaften sorgt dieser Bodenbelag f\u00fcr Sicherheit und Langlebigkeit, selbst unter extremen Bedingungen. Zudem ist er schimmel- und pilzresistent, wodurch unerw\u00fcnschte Ablagerungen verhindert und eine hygienische Umgebung gew\u00e4hrleistet wird. Die hochwertige gepr\u00e4gte Struktur verleiht eine ansprechende Optik und schafft eine stilvolle, nat\u00fcrliche Atmosph\u00e4re, die sich harmonisch in jede Umgebung einf\u00fcgt.\" \/>\n<meta property=\"og:url\" content=\"https:\/\/paneeledeko.de\/en\/product\/embossed-flooring-walnuss-140252900-mm\/\" \/>\n<meta property=\"og:site_name\" content=\"Paneele Deko\" \/>\n<meta property=\"article:publisher\" content=\"https:\/\/www.facebook.com\/paneeledeko\" \/>\n<meta property=\"article:modified_time\" content=\"2025-02-03T11:03:23+00:00\" \/>\n<meta property=\"og:image\" content=\"https:\/\/paneeledeko.de\/wp-content\/uploads\/2025\/02\/Walnuss-1.jpg\" \/>\n\t<meta property=\"og:image:width\" content=\"896\" \/>\n\t<meta property=\"og:image:height\" content=\"1280\" \/>\n\t<meta property=\"og:image:type\" content=\"image\/jpeg\" \/>\n<meta name=\"twitter:card\" content=\"summary_large_image\" \/>\n<meta name=\"twitter:label1\" content=\"Est. reading time\" \/>\n\t<meta name=\"twitter:data1\" content=\"1 minute\" \/>\n<script type=\"application\/ld+json\" class=\"yoast-schema-graph\">{\"@context\":\"https:\/\/schema.org\",\"@graph\":[{\"@type\":\"WebPage\",\"@id\":\"https:\/\/paneeledeko.de\/product\/embossed-flooring-walnuss-140252900-mm\/\",\"url\":\"https:\/\/paneeledeko.de\/product\/embossed-flooring-walnuss-140252900-mm\/\",\"name\":\"Gepr\u00e4gter Bodenbelag Walnuss - 140*25*2900 mm | Paneele Deko\",\"isPartOf\":{\"@id\":\"https:\/\/paneeledeko.de\/#website\"},\"primaryImageOfPage\":{\"@id\":\"https:\/\/paneeledeko.de\/product\/embossed-flooring-walnuss-140252900-mm\/#primaryimage\"},\"image\":{\"@id\":\"https:\/\/paneeledeko.de\/product\/embossed-flooring-walnuss-140252900-mm\/#primaryimage\"},\"thumbnailUrl\":\"https:\/\/paneeledeko.de\/wp-content\/uploads\/2025\/02\/Walnuss-1.jpg\",\"datePublished\":\"2025-02-03T07:45:03+00:00\",\"dateModified\":\"2025-02-03T11:03:23+00:00\",\"breadcrumb\":{\"@id\":\"https:\/\/paneeledeko.de\/product\/embossed-flooring-walnuss-140252900-mm\/#breadcrumb\"},\"inLanguage\":\"en-US\",\"potentialAction\":[{\"@type\":\"ReadAction\",\"target\":[\"https:\/\/paneeledeko.de\/product\/embossed-flooring-walnuss-140252900-mm\/\"]}]},{\"@type\":\"ImageObject\",\"inLanguage\":\"en-US\",\"@id\":\"https:\/\/paneeledeko.de\/product\/embossed-flooring-walnuss-140252900-mm\/#primaryimage\",\"url\":\"https:\/\/paneeledeko.de\/wp-content\/uploads\/2025\/02\/Walnuss-1.jpg\",\"contentUrl\":\"https:\/\/paneeledeko.de\/wp-content\/uploads\/2025\/02\/Walnuss-1.jpg\",\"width\":896,\"height\":1280,\"caption\":\"Embossed flooring Walnuss - 140*25*2900 mm\"},{\"@type\":\"BreadcrumbList\",\"@id\":\"https:\/\/paneeledeko.de\/product\/embossed-flooring-walnuss-140252900-mm\/#breadcrumb\",\"itemListElement\":[{\"@type\":\"ListItem\",\"position\":1,\"name\":\"Home\",\"item\":\"https:\/\/paneeledeko.de\/\"},{\"@type\":\"ListItem\",\"position\":2,\"name\":\"Produkte\",\"item\":\"https:\/\/paneeledeko.de\/products\/\"},{\"@type\":\"ListItem\",\"position\":3,\"name\":\"Gepr\u00e4gter Bodenbelag Walnuss &#8211; 140*25*2900 mm\"}]},{\"@type\":\"WebSite\",\"@id\":\"https:\/\/paneeledeko.de\/#website\",\"url\":\"https:\/\/paneeledeko.de\/\",\"name\":\"Paneele Deko\",\"description\":\"\",\"publisher\":{\"@id\":\"https:\/\/paneeledeko.de\/#organization\"},\"potentialAction\":[{\"@type\":\"SearchAction\",\"target\":{\"@type\":\"EntryPoint\",\"urlTemplate\":\"https:\/\/paneeledeko.de\/?s={search_term_string}\"},\"query-input\":{\"@type\":\"PropertyValueSpecification\",\"valueRequired\":true,\"valueName\":\"search_term_string\"}}],\"inLanguage\":\"en-US\"},{\"@type\":\"Organization\",\"@id\":\"https:\/\/paneeledeko.de\/#organization\",\"name\":\"Paneele Deko\",\"url\":\"https:\/\/paneeledeko.de\/\",\"logo\":{\"@type\":\"ImageObject\",\"inLanguage\":\"en-US\",\"@id\":\"https:\/\/paneeledeko.de\/#\/schema\/logo\/image\/\",\"url\":\"https:\/\/paneeledeko.de\/wp-content\/uploads\/2024\/12\/Favicon-3.png\",\"contentUrl\":\"https:\/\/paneeledeko.de\/wp-content\/uploads\/2024\/12\/Favicon-3.png\",\"width\":256,\"height\":256,\"caption\":\"Paneele Deko\"},\"image\":{\"@id\":\"https:\/\/paneeledeko.de\/#\/schema\/logo\/image\/\"},\"sameAs\":[\"https:\/\/www.facebook.com\/paneeledeko\"]}]}<\/script>\n<!-- \/ Yoast SEO plugin. -->","yoast_head_json":{"title":"Gepr\u00e4gter Bodenbelag Walnuss - 140*25*2900 mm | Paneele Deko","robots":{"index":"index","follow":"follow","max-snippet":"max-snippet:-1","max-image-preview":"max-image-preview:large","max-video-preview":"max-video-preview:-1"},"canonical":"https:\/\/paneeledeko.de\/en\/product\/embossed-flooring-walnuss-140252900-mm\/","og_locale":"en_US","og_type":"article","og_title":"Gepr\u00e4gter Bodenbelag Walnuss - 140*25*2900 mm | Paneele Deko","og_description":"Unser gepr\u00e4gter Bodenbelag bietet au\u00dfergew\u00f6hnliche Haltbarkeit und langanhaltende Sch\u00f6nheit. Dank modernster Technologie bleibt die Farbe auch bei intensiver Sonneneinstrahlung erhalten, sodass die Oberfl\u00e4che \u00fcber Jahre hinweg frisch und lebendig aussieht. Im Gegensatz zu herk\u00f6mmlichen Materialien dehnt sich dieser Bodenbelag bei Regen nicht aus und verzieht sich nicht durch Feuchtigkeit \u2013 ideal f\u00fcr jede Wetterlage.  Mit seinen wasser Eigenschaften sorgt dieser Bodenbelag f\u00fcr Sicherheit und Langlebigkeit, selbst unter extremen Bedingungen. Zudem ist er schimmel- und pilzresistent, wodurch unerw\u00fcnschte Ablagerungen verhindert und eine hygienische Umgebung gew\u00e4hrleistet wird. Die hochwertige gepr\u00e4gte Struktur verleiht eine ansprechende Optik und schafft eine stilvolle, nat\u00fcrliche Atmosph\u00e4re, die sich harmonisch in jede Umgebung einf\u00fcgt.","og_url":"https:\/\/paneeledeko.de\/en\/product\/embossed-flooring-walnuss-140252900-mm\/","og_site_name":"Paneele Deko","article_publisher":"https:\/\/www.facebook.com\/paneeledeko","article_modified_time":"2025-02-03T11:03:23+00:00","og_image":[{"width":896,"height":1280,"url":"https:\/\/paneeledeko.de\/wp-content\/uploads\/2025\/02\/Walnuss-1.jpg","type":"image\/jpeg"}],"twitter_card":"summary_large_image","twitter_misc":{"Est. reading time":"1 minute"},"schema":{"@context":"https:\/\/schema.org","@graph":[{"@type":"WebPage","@id":"https:\/\/paneeledeko.de\/product\/embossed-flooring-walnuss-140252900-mm\/","url":"https:\/\/paneeledeko.de\/product\/embossed-flooring-walnuss-140252900-mm\/","name":"Gepr\u00e4gter Bodenbelag Walnuss - 140*25*2900 mm | Paneele Deko","isPartOf":{"@id":"https:\/\/paneeledeko.de\/#website"},"primaryImageOfPage":{"@id":"https:\/\/paneeledeko.de\/product\/embossed-flooring-walnuss-140252900-mm\/#primaryimage"},"image":{"@id":"https:\/\/paneeledeko.de\/product\/embossed-flooring-walnuss-140252900-mm\/#primaryimage"},"thumbnailUrl":"https:\/\/paneeledeko.de\/wp-content\/uploads\/2025\/02\/Walnuss-1.jpg","datePublished":"2025-02-03T07:45:03+00:00","dateModified":"2025-02-03T11:03:23+00:00","breadcrumb":{"@id":"https:\/\/paneeledeko.de\/product\/embossed-flooring-walnuss-140252900-mm\/#breadcrumb"},"inLanguage":"en-US","potentialAction":[{"@type":"ReadAction","target":["https:\/\/paneeledeko.de\/product\/embossed-flooring-walnuss-140252900-mm\/"]}]},{"@type":"ImageObject","inLanguage":"en-US","@id":"https:\/\/paneeledeko.de\/product\/embossed-flooring-walnuss-140252900-mm\/#primaryimage","url":"https:\/\/paneeledeko.de\/wp-content\/uploads\/2025\/02\/Walnuss-1.jpg","contentUrl":"https:\/\/paneeledeko.de\/wp-content\/uploads\/2025\/02\/Walnuss-1.jpg","width":896,"height":1280,"caption":"Embossed flooring Walnuss - 140*25*2900 mm"},{"@type":"BreadcrumbList","@id":"https:\/\/paneeledeko.de\/product\/embossed-flooring-walnuss-140252900-mm\/#breadcrumb","itemListElement":[{"@type":"ListItem","position":1,"name":"Home","item":"https:\/\/paneeledeko.de\/"},{"@type":"ListItem","position":2,"name":"Produkte","item":"https:\/\/paneeledeko.de\/products\/"},{"@type":"ListItem","position":3,"name":"Gepr\u00e4gter Bodenbelag Walnuss &#8211; 140*25*2900 mm"}]},{"@type":"WebSite","@id":"https:\/\/paneeledeko.de\/#website","url":"https:\/\/paneeledeko.de\/","name":"Paneele Deko","description":"","publisher":{"@id":"https:\/\/paneeledeko.de\/#organization"},"potentialAction":[{"@type":"SearchAction","target":{"@type":"EntryPoint","urlTemplate":"https:\/\/paneeledeko.de\/?s={search_term_string}"},"query-input":{"@type":"PropertyValueSpecification","valueRequired":true,"valueName":"search_term_string"}}],"inLanguage":"en-US"},{"@type":"Organization","@id":"https:\/\/paneeledeko.de\/#organization","name":"Paneele Deko","url":"https:\/\/paneeledeko.de\/","logo":{"@type":"ImageObject","inLanguage":"en-US","@id":"https:\/\/paneeledeko.de\/#\/schema\/logo\/image\/","url":"https:\/\/paneeledeko.de\/wp-content\/uploads\/2024\/12\/Favicon-3.png","contentUrl":"https:\/\/paneeledeko.de\/wp-content\/uploads\/2024\/12\/Favicon-3.png","width":256,"height":256,"caption":"Paneele Deko"},"image":{"@id":"https:\/\/paneeledeko.de\/#\/schema\/logo\/image\/"},"sameAs":["https:\/\/www.facebook.com\/paneeledeko"]}]}},"_links":{"self":[{"href":"https:\/\/paneeledeko.de\/en\/wp-json\/wp\/v2\/product\/29537","targetHints":{"allow":["GET"]}}],"collection":[{"href":"https:\/\/paneeledeko.de\/en\/wp-json\/wp\/v2\/product"}],"about":[{"href":"https:\/\/paneeledeko.de\/en\/wp-json\/wp\/v2\/types\/product"}],"replies":[{"embeddable":true,"href":"https:\/\/paneeledeko.de\/en\/wp-json\/wp\/v2\/comments?post=29537"}],"version-history":[{"count":0,"href":"https:\/\/paneeledeko.de\/en\/wp-json\/wp\/v2\/product\/29537\/revisions"}],"wp:featuredmedia":[{"embeddable":true,"href":"https:\/\/paneeledeko.de\/en\/wp-json\/wp\/v2\/media\/29538"}],"wp:attachment":[{"href":"https:\/\/paneeledeko.de\/en\/wp-json\/wp\/v2\/media?parent=29537"}],"wp:term":[{"taxonomy":"product_brand","embeddable":true,"href":"https:\/\/paneeledeko.de\/en\/wp-json\/wp\/v2\/product_brand?post=29537"},{"taxonomy":"product_cat","embeddable":true,"href":"https:\/\/paneeledeko.de\/en\/wp-json\/wp\/v2\/product_cat?post=29537"},{"taxonomy":"product_tag","embeddable":true,"href":"https:\/\/paneeledeko.de\/en\/wp-json\/wp\/v2\/product_tag?post=29537"}],"curies":[{"name":"wp","href":"https:\/\/api.w.org\/{rel}","templated":true}]}}